{"id":2912,"date":"2024-06-10T19:10:18","date_gmt":"2024-06-10T19:10:18","guid":{"rendered":"https:\/\/kreativna-europa.ba\/?page_id=2912"},"modified":"2025-12-22T12:31:30","modified_gmt":"2025-12-22T12:31:30","slug":"price-o-uspjehu","status":"publish","type":"page","link":"https:\/\/kreativna-europa.ba\/en\/price-o-uspjehu\/","title":{"rendered":"Success stories"},"content":{"rendered":"<div data-elementor-type=\"wp-page\" data-elementor-id=\"2912\" class=\"elementor elementor-2912\">\n\t\t\t\t<div class=\"elementor-element elementor-element-0d8c5fe e-flex e-con-boxed e-con e-parent\" data-id=\"0d8c5fe\" data-element_type=\"container\" data-settings=\"{&quot;background_background&quot;:&quot;classic&quot;}\">\n\t\t\t\t\t<div class=\"e-con-inner\">\n\t\t\t\t<div class=\"elementor-element elementor-element-3e1a3e8 elementor-widget elementor-widget-heading\" data-id=\"3e1a3e8\" data-element_type=\"widget\" data-widget_type=\"heading.default\">\n\t\t\t\t<div class=\"elementor-widget-container\">\n\t\t\t\t\t<h2 class=\"elementor-heading-title elementor-size-default\">Success stories<\/h2>\t\t\t\t<\/div>\n\t\t\t\t<\/div>\n\t\t\t\t\t<\/div>\n\t\t\t\t<\/div>\n\t\t<div class=\"elementor-element elementor-element-ecda05b e-flex e-con-boxed e-con e-parent\" data-id=\"ecda05b\" data-element_type=\"container\">\n\t\t\t\t\t<div class=\"e-con-inner\">\n\t\t\t\t<div class=\"elementor-element elementor-element-ab04912 elementor-widget elementor-widget-text-editor\" data-id=\"ab04912\" data-element_type=\"widget\" data-widget_type=\"text-editor.default\">\n\t\t\t\t<div class=\"elementor-widget-container\">\n\t\t\t\t\t\t\t\t\t<p>In this section, we highlight the outstanding achievements of some of the program's most inspiring projects. These success stories reflect the innovative spirit and commitment of creative communities that contribute to Europe's vibrant cultural landscape. From ground-breaking films and dynamic theater productions to initiatives to empower women in the arts, Creative Europe's projects have made a significant impact locally and globally.<\/p><p>Explore these stories to discover how Creative Europe fosters creativity, improves cultural exchange and drives the cultural and creative sectors forward. Each project presented here not only demonstrates extraordinary talent and innovation, but also exemplifies the power of cross-cultural collaboration and the importance of supporting the arts in today's world.<\/p>\t\t\t\t\t\t\t\t<\/div>\n\t\t\t\t<\/div>\n\t\t\t\t\t<\/div>\n\t\t\t\t<\/div>\n\t\t<div class=\"elementor-element elementor-element-e6b4f6a e-flex e-con-boxed e-con e-parent\" data-id=\"e6b4f6a\" data-element_type=\"container\">\n\t\t\t\t\t<div class=\"e-con-inner\">\n\t\t<div class=\"elementor-element elementor-element-d0ce18f e-con-full e-flex e-con e-child\" data-id=\"d0ce18f\" data-element_type=\"container\">\n\t\t\t\t<div class=\"elementor-element elementor-element-2dc7863 elementor-widget elementor-widget-video\" data-id=\"2dc7863\" data-element_type=\"widget\" data-settings=\"{&quot;youtube_url&quot;:&quot;https:\\\/\\\/youtu.be\\\/GJ6iOZv3TWo&quot;,&quot;show_image_overlay&quot;:&quot;yes&quot;,&quot;image_overlay&quot;:{&quot;url&quot;:&quot;https:\\\/\\\/kreativna-europa.ba\\\/wp-content\\\/uploads\\\/2024\\\/06\\\/SUCCESS-STORIES-Denis-Krdzalic.webp&quot;,&quot;id&quot;:2968,&quot;size&quot;:&quot;&quot;,&quot;alt&quot;:&quot;&quot;,&quot;source&quot;:&quot;library&quot;},&quot;video_type&quot;:&quot;youtube&quot;,&quot;controls&quot;:&quot;yes&quot;}\" data-widget_type=\"video.default\">\n\t\t\t\t<div class=\"elementor-widget-container\">\n\t\t\t\t\t\t\t<div class=\"elementor-wrapper elementor-open-inline\">\n\t\t\t<div class=\"elementor-video\"><\/div>\t\t\t\t<div class=\"elementor-custom-embed-image-overlay\" style=\"background-image: url(https:\/\/kreativna-europa.ba\/wp-content\/uploads\/2024\/06\/SUCCESS-STORIES-Denis-Krdzalic.webp);\">\n\t\t\t\t\t\t\t\t\t\t\t\t\t\t\t\t<div class=\"elementor-custom-embed-play\" role=\"button\" aria-label=\"Play Video\" tabindex=\"0\">\n\t\t\t\t\t\t\t<svg aria-hidden=\"true\" class=\"e-font-icon-svg e-eicon-play\" viewbox=\"0 0 1000 1000\" xmlns=\"http:\/\/www.w3.org\/2000\/svg\"><path d=\"M838 162C746 71 633 25 500 25 371 25 258 71 163 162 71 254 25 367 25 500 25 633 71 746 163 837 254 929 367 979 500 979 633 979 746 933 838 837 929 746 975 633 975 500 975 367 929 254 838 162M808 192C892 279 933 379 933 500 933 621 892 725 808 808 725 892 621 938 500 938 379 938 279 896 196 808 113 725 67 621 67 500 67 379 108 279 196 192 279 108 383 62 500 62 621 62 721 108 808 192M438 392V642L642 517 438 392Z\"><\/path><\/svg>\t\t\t\t\t\t<\/div>\n\t\t\t\t\t\t\t\t\t<\/div>\n\t\t\t\t\t<\/div>\n\t\t\t\t\t\t<\/div>\n\t\t\t\t<\/div>\n\t\t\t\t<\/div>\n\t\t<div class=\"elementor-element elementor-element-3b51a85 e-con-full e-flex e-con e-child\" data-id=\"3b51a85\" data-element_type=\"container\">\n\t\t\t\t<div class=\"elementor-element elementor-element-867e5e0 elementor-widget elementor-widget-heading\" data-id=\"867e5e0\" data-element_type=\"widget\" data-widget_type=\"heading.default\">\n\t\t\t\t<div class=\"elementor-widget-container\">\n\t\t\t\t\t<h3 class=\"elementor-heading-title elementor-size-default\">SEXUAL THEATER PROJECT<\/h3>\t\t\t\t<\/div>\n\t\t\t\t<\/div>\n\t\t\t\t<div class=\"elementor-element elementor-element-d91e080 elementor-widget elementor-widget-text-editor\" data-id=\"d91e080\" data-element_type=\"widget\" data-widget_type=\"text-editor.default\">\n\t\t\t\t<div class=\"elementor-widget-container\">\n\t\t\t\t\t\t\t\t\tDenis Krd\u017eali\u0107, Executive Director of the Bosnian National Theater Zenica\t\t\t\t\t\t\t\t<\/div>\n\t\t\t\t<\/div>\n\t\t\t\t<div class=\"elementor-element elementor-element-03fed4a elementor-widget elementor-widget-text-editor\" data-id=\"03fed4a\" data-element_type=\"widget\" data-widget_type=\"text-editor.default\">\n\t\t\t\t<div class=\"elementor-widget-container\">\n\t\t\t\t\t\t\t\t\tThe project \"The Sexual Theater (Feminist reading of the classics)\", whose sponsor was the Bosnian National Theater Zenica, was also supported by Creative Europe. The goal of the project was to reinterpret classic dramatic works through a feminist prism in order to emphasize women's perspectives and promote gender equality in theater art. Through various cultural events, workshops and exhibitions, the project provided a space for dialogue about power, identity, sexuality and social norms. The partnership with Creative Europe ensured international visibility and the exchange of best practices in promoting feminism through art. The project contributed to spreading awareness about inclusion and gender equality in artistic creation, and provided a platform for raising awareness of the importance of feminism in culture.\t\t\t\t\t\t\t\t<\/div>\n\t\t\t\t<\/div>\n\t\t\t\t<\/div>\n\t\t\t\t\t<\/div>\n\t\t\t\t<\/div>\n\t\t<div class=\"elementor-element elementor-element-e16897a e-flex e-con-boxed e-con e-parent\" data-id=\"e16897a\" data-element_type=\"container\">\n\t\t\t\t\t<div class=\"e-con-inner\">\n\t\t<div class=\"elementor-element elementor-element-47f2e75 e-con-full e-flex e-con e-child\" data-id=\"47f2e75\" data-element_type=\"container\">\n\t\t\t\t<div class=\"elementor-element elementor-element-fd0c0d3 elementor-widget elementor-widget-video\" data-id=\"fd0c0d3\" data-element_type=\"widget\" data-settings=\"{&quot;youtube_url&quot;:&quot;https:\\\/\\\/youtu.be\\\/KlJ3fCxn4vc&quot;,&quot;show_image_overlay&quot;:&quot;yes&quot;,&quot;image_overlay&quot;:{&quot;url&quot;:&quot;https:\\\/\\\/kreativna-europa.ba\\\/wp-content\\\/uploads\\\/2024\\\/06\\\/SUCCESS-STORIES-Melina-Alagi.webp&quot;,&quot;id&quot;:2969,&quot;size&quot;:&quot;&quot;,&quot;alt&quot;:&quot;&quot;,&quot;source&quot;:&quot;library&quot;},&quot;video_type&quot;:&quot;youtube&quot;,&quot;controls&quot;:&quot;yes&quot;}\" data-widget_type=\"video.default\">\n\t\t\t\t<div class=\"elementor-widget-container\">\n\t\t\t\t\t\t\t<div class=\"elementor-wrapper elementor-open-inline\">\n\t\t\t<div class=\"elementor-video\"><\/div>\t\t\t\t<div class=\"elementor-custom-embed-image-overlay\" style=\"background-image: url(https:\/\/kreativna-europa.ba\/wp-content\/uploads\/2024\/06\/SUCCESS-STORIES-Melina-Alagi.webp);\">\n\t\t\t\t\t\t\t\t\t\t\t\t\t\t\t\t<div class=\"elementor-custom-embed-play\" role=\"button\" aria-label=\"Play Video\" tabindex=\"0\">\n\t\t\t\t\t\t\t<svg aria-hidden=\"true\" class=\"e-font-icon-svg e-eicon-play\" viewbox=\"0 0 1000 1000\" xmlns=\"http:\/\/www.w3.org\/2000\/svg\"><path d=\"M838 162C746 71 633 25 500 25 371 25 258 71 163 162 71 254 25 367 25 500 25 633 71 746 163 837 254 929 367 979 500 979 633 979 746 933 838 837 929 746 975 633 975 500 975 367 929 254 838 162M808 192C892 279 933 379 933 500 933 621 892 725 808 808 725 892 621 938 500 938 379 938 279 896 196 808 113 725 67 621 67 500 67 379 108 279 196 192 279 108 383 62 500 62 621 62 721 108 808 192M438 392V642L642 517 438 392Z\"><\/path><\/svg>\t\t\t\t\t\t<\/div>\n\t\t\t\t\t\t\t\t\t<\/div>\n\t\t\t\t\t<\/div>\n\t\t\t\t\t\t<\/div>\n\t\t\t\t<\/div>\n\t\t\t\t<\/div>\n\t\t<div class=\"elementor-element elementor-element-0624633 e-con-full e-flex e-con e-child\" data-id=\"0624633\" data-element_type=\"container\">\n\t\t\t\t<div class=\"elementor-element elementor-element-6952201 elementor-widget elementor-widget-heading\" data-id=\"6952201\" data-element_type=\"widget\" data-widget_type=\"heading.default\">\n\t\t\t\t<div class=\"elementor-widget-container\">\n\t\t\t\t\t<h3 class=\"elementor-heading-title elementor-size-default\">EUROPEAN FILM CHALLENGE PROJECT<\/h3>\t\t\t\t<\/div>\n\t\t\t\t<\/div>\n\t\t\t\t<div class=\"elementor-element elementor-element-d99b2e3 elementor-widget elementor-widget-text-editor\" data-id=\"d99b2e3\" data-element_type=\"widget\" data-widget_type=\"text-editor.default\">\n\t\t\t\t<div class=\"elementor-widget-container\">\n\t\t\t\t\t\t\t\t\tMelina Alagi\u0107, Project Coordinator - Association of Film Workers FBiH\t\t\t\t\t\t\t\t<\/div>\n\t\t\t\t<\/div>\n\t\t\t\t<div class=\"elementor-element elementor-element-fe091df elementor-widget elementor-widget-text-editor\" data-id=\"fe091df\" data-element_type=\"widget\" data-widget_type=\"text-editor.default\">\n\t\t\t\t<div class=\"elementor-widget-container\">\n\t\t\t\t\t\t\t\t\tThe initiative of the FBiH Film Workers' Association with the support of Creative Europe realized the European Film Challenge Project. The project promoted the diversity of European cinema through a series of activities such as film workshops, screenings, and discussions with film professionals. The goal was to encourage dialogue about European identity through film art, and to support young filmmakers and their projects. The partnership with Creative Europe provided financial support and professional mentoring, contributing to the international visibility of the project. Through various cultural events and film activities, the European Film Challenge Project encouraged the connection of film professionals in the region and beyond, thus strengthening the European film industry and promoting cultural diversity.\t\t\t\t\t\t\t\t<\/div>\n\t\t\t\t<\/div>\n\t\t\t\t<\/div>\n\t\t\t\t\t<\/div>\n\t\t\t\t<\/div>\n\t\t<div class=\"elementor-element elementor-element-30a1a73 e-flex e-con-boxed e-con e-parent\" data-id=\"30a1a73\" data-element_type=\"container\">\n\t\t\t\t\t<div class=\"e-con-inner\">\n\t\t<div class=\"elementor-element elementor-element-47e52f4 e-con-full e-flex e-con e-child\" data-id=\"47e52f4\" data-element_type=\"container\">\n\t\t\t\t<div class=\"elementor-element elementor-element-bb7610a elementor-widget elementor-widget-video\" data-id=\"bb7610a\" data-element_type=\"widget\" data-settings=\"{&quot;youtube_url&quot;:&quot;https:\\\/\\\/youtu.be\\\/Mi45bw8Feog&quot;,&quot;show_image_overlay&quot;:&quot;yes&quot;,&quot;image_overlay&quot;:{&quot;url&quot;:&quot;https:\\\/\\\/kreativna-europa.ba\\\/wp-content\\\/uploads\\\/2024\\\/06\\\/SUCCESS-STORIES-Miljan-Vukovic.webp&quot;,&quot;id&quot;:2976,&quot;size&quot;:&quot;&quot;,&quot;alt&quot;:&quot;&quot;,&quot;source&quot;:&quot;library&quot;},&quot;video_type&quot;:&quot;youtube&quot;,&quot;controls&quot;:&quot;yes&quot;}\" data-widget_type=\"video.default\">\n\t\t\t\t<div class=\"elementor-widget-container\">\n\t\t\t\t\t\t\t<div class=\"elementor-wrapper elementor-open-inline\">\n\t\t\t<div class=\"elementor-video\"><\/div>\t\t\t\t<div class=\"elementor-custom-embed-image-overlay\" style=\"background-image: url(https:\/\/kreativna-europa.ba\/wp-content\/uploads\/2024\/06\/SUCCESS-STORIES-Miljan-Vukovic.webp);\">\n\t\t\t\t\t\t\t\t\t\t\t\t\t\t\t\t<div class=\"elementor-custom-embed-play\" role=\"button\" aria-label=\"Play Video\" tabindex=\"0\">\n\t\t\t\t\t\t\t<svg aria-hidden=\"true\" class=\"e-font-icon-svg e-eicon-play\" viewbox=\"0 0 1000 1000\" xmlns=\"http:\/\/www.w3.org\/2000\/svg\"><path d=\"M838 162C746 71 633 25 500 25 371 25 258 71 163 162 71 254 25 367 25 500 25 633 71 746 163 837 254 929 367 979 500 979 633 979 746 933 838 837 929 746 975 633 975 500 975 367 929 254 838 162M808 192C892 279 933 379 933 500 933 621 892 725 808 808 725 892 621 938 500 938 379 938 279 896 196 808 113 725 67 621 67 500 67 379 108 279 196 192 279 108 383 62 500 62 621 62 721 108 808 192M438 392V642L642 517 438 392Z\"><\/path><\/svg>\t\t\t\t\t\t<\/div>\n\t\t\t\t\t\t\t\t\t<\/div>\n\t\t\t\t\t<\/div>\n\t\t\t\t\t\t<\/div>\n\t\t\t\t<\/div>\n\t\t\t\t<\/div>\n\t\t<div class=\"elementor-element elementor-element-cdba89a e-con-full e-flex e-con e-child\" data-id=\"cdba89a\" data-element_type=\"container\">\n\t\t\t\t<div class=\"elementor-element elementor-element-f3acbe1 elementor-widget elementor-widget-heading\" data-id=\"f3acbe1\" data-element_type=\"widget\" data-widget_type=\"heading.default\">\n\t\t\t\t<div class=\"elementor-widget-container\">\n\t\t\t\t\t<h3 class=\"elementor-heading-title elementor-size-default\">REBRANDING OF CULTURAL INSTITUTIONS IN BIH<\/h3>\t\t\t\t<\/div>\n\t\t\t\t<\/div>\n\t\t\t\t<div class=\"elementor-element elementor-element-3a46be1 elementor-widget elementor-widget-text-editor\" data-id=\"3a46be1\" data-element_type=\"widget\" data-widget_type=\"text-editor.default\">\n\t\t\t\t<div class=\"elementor-widget-container\">\n\t\t\t\t\t\t\t\t\tMiljan Vukovi\u0107, director of the Trebinje Cultural Center\t\t\t\t\t\t\t\t<\/div>\n\t\t\t\t<\/div>\n\t\t\t\t<div class=\"elementor-element elementor-element-ecde1a9 elementor-widget elementor-widget-text-editor\" data-id=\"ecde1a9\" data-element_type=\"widget\" data-widget_type=\"text-editor.default\">\n\t\t\t\t<div class=\"elementor-widget-container\">\n\t\t\t\t\t\t\t\t\tThe cooperation project between Creative Europe and the Cultural Center of Trebinje is extremely important for the promotion of cultural activities and art in the region. Through this cooperation, the Trebinje Cultural Center got the opportunity to develop cultural programs, exchange knowledge and artistic practices, and connect with other cultural institutions in Europe. Financial support from Creative Europe enabled the development of new projects, as well as the improvement of existing cultural programs. This project provides space for cultural diversity, artistic creativity and cultural exchange, which contributes to the strengthening of cultural ties between Trebinje and other European cities. Through the organization of various cultural events, workshops and exhibitions, this project promotes intercultural dialogue and enriches the cultural scene in the region.\t\t\t\t\t\t\t\t<\/div>\n\t\t\t\t<\/div>\n\t\t\t\t<\/div>\n\t\t\t\t\t<\/div>\n\t\t\t\t<\/div>\n\t\t\t\t<\/div>","protected":false},"excerpt":{"rendered":"<p>Pri\u010de o uspjehu U ovom odjeljku isti\u010demo izvanredna postignu\u0107a nekih od najinspirativnijih projekata programa. Ove pri\u010de o uspjehu odra\u017eavaju inovativni [&hellip;]<\/p>","protected":false},"author":1,"featured_media":0,"parent":0,"menu_order":0,"comment_status":"closed","ping_status":"closed","template":"","meta":{"site-sidebar-layout":"no-sidebar","site-content-layout":"","ast-site-content-layout":"full-width-container","site-content-style":"default","site-sidebar-style":"default","ast-global-header-display":"","ast-banner-title-visibility":"","ast-main-header-display":"","ast-hfb-above-header-display":"","ast-hfb-below-header-display":"","ast-hfb-mobile-header-display":"","site-post-title":"disabled","ast-breadcrumbs-content":"","ast-featured-img":"disabled","footer-sml-layout":"","ast-disable-related-posts":"","theme-transparent-header-meta":"","adv-header-id-meta":"","stick-header-meta":"","header-above-stick-meta":"","header-main-stick-meta":"","header-below-stick-meta":"","astra-migrate-meta-layouts":"default","ast-page-background-enabled":"default","ast-page-background-meta":{"desktop":{"background-color":"var(--ast-global-color-4)","background-image":"","background-repeat":"repeat","background-position":"center center","background-size":"auto","background-attachment":"scroll","background-type":"","background-media":"","overlay-type":"","overlay-color":"","overlay-opacity":"","overlay-gradient":""},"tablet":{"background-color":"","background-image":"","background-repeat":"repeat","background-position":"center center","background-size":"auto","background-attachment":"scroll","background-type":"","background-media":"","overlay-type":"","overlay-color":"","overlay-opacity":"","overlay-gradient":""},"mobile":{"background-color":"","background-image":"","background-repeat":"repeat","background-position":"center center","background-size":"auto","background-attachment":"scroll","background-type":"","background-media":"","overlay-type":"","overlay-color":"","overlay-opacity":"","overlay-gradient":""}},"ast-content-background-meta":{"desktop":{"background-color":"var(--ast-global-color-5)","background-image":"","background-repeat":"repeat","background-position":"center center","background-size":"auto","background-attachment":"scroll","background-type":"","background-media":"","overlay-type":"","overlay-color":"","overlay-opacity":"","overlay-gradient":""},"tablet":{"background-color":"var(--ast-global-color-5)","background-image":"","background-repeat":"repeat","background-position":"center center","background-size":"auto","background-attachment":"scroll","background-type":"","background-media":"","overlay-type":"","overlay-color":"","overlay-opacity":"","overlay-gradient":""},"mobile":{"background-color":"var(--ast-global-color-5)","background-image":"","background-repeat":"repeat","background-position":"center center","background-size":"auto","background-attachment":"scroll","background-type":"","background-media":"","overlay-type":"","overlay-color":"","overlay-opacity":"","overlay-gradient":""}},"_themeisle_gutenberg_block_has_review":false,"footnotes":""},"class_list":["post-2912","page","type-page","status-publish","hentry"],"rttpg_featured_image_url":null,"rttpg_author":{"display_name":"kreativnaeuropa","author_link":"https:\/\/kreativna-europa.ba\/en\/author\/kreativnaeuropa\/"},"rttpg_comment":0,"rttpg_category":null,"rttpg_excerpt":"Pri\u010de o uspjehu U ovom odjeljku isti\u010demo izvanredna postignu\u0107a nekih od najinspirativnijih projekata programa. Ove pri\u010de o uspjehu odra\u017eavaju inovativni [&hellip;]","_links":{"self":[{"href":"https:\/\/kreativna-europa.ba\/en\/wp-json\/wp\/v2\/pages\/2912","targetHints":{"allow":["GET"]}}],"collection":[{"href":"https:\/\/kreativna-europa.ba\/en\/wp-json\/wp\/v2\/pages"}],"about":[{"href":"https:\/\/kreativna-europa.ba\/en\/wp-json\/wp\/v2\/types\/page"}],"author":[{"embeddable":true,"href":"https:\/\/kreativna-europa.ba\/en\/wp-json\/wp\/v2\/users\/1"}],"replies":[{"embeddable":true,"href":"https:\/\/kreativna-europa.ba\/en\/wp-json\/wp\/v2\/comments?post=2912"}],"version-history":[{"count":3,"href":"https:\/\/kreativna-europa.ba\/en\/wp-json\/wp\/v2\/pages\/2912\/revisions"}],"predecessor-version":[{"id":4263,"href":"https:\/\/kreativna-europa.ba\/en\/wp-json\/wp\/v2\/pages\/2912\/revisions\/4263"}],"wp:attachment":[{"href":"https:\/\/kreativna-europa.ba\/en\/wp-json\/wp\/v2\/media?parent=2912"}],"curies":[{"name":"wp","href":"https:\/\/api.w.org\/{rel}","templated":true}]}}