{"id":3147,"date":"2024-06-12T12:10:57","date_gmt":"2024-06-12T12:10:57","guid":{"rendered":"https:\/\/kreativna-europa.ba\/?page_id=3147"},"modified":"2024-06-12T20:09:22","modified_gmt":"2024-06-12T20:09:22","slug":"kultura","status":"publish","type":"page","link":"https:\/\/kreativna-europa.ba\/en\/kultura\/","title":{"rendered":"Culture"},"content":{"rendered":"<div data-elementor-type=\"wp-page\" data-elementor-id=\"3147\" class=\"elementor elementor-3147\">\n\t\t\t\t<div class=\"elementor-element elementor-element-a0da631 e-flex e-con-boxed e-con e-parent\" data-id=\"a0da631\" data-element_type=\"container\" data-settings=\"{&quot;background_background&quot;:&quot;classic&quot;}\">\n\t\t\t\t\t<div class=\"e-con-inner\">\n\t\t\t\t<div class=\"elementor-element elementor-element-306c613 elementor-widget elementor-widget-heading\" data-id=\"306c613\" data-element_type=\"widget\" data-widget_type=\"heading.default\">\n\t\t\t\t<div class=\"elementor-widget-container\">\n\t\t\t\t\t<h2 class=\"elementor-heading-title elementor-size-default\">Culture<\/h2>\t\t\t\t<\/div>\n\t\t\t\t<\/div>\n\t\t\t\t\t<\/div>\n\t\t\t\t<\/div>\n\t\t<div class=\"elementor-element elementor-element-06788ad e-flex e-con-boxed e-con e-parent\" data-id=\"06788ad\" data-element_type=\"container\">\n\t\t\t\t\t<div class=\"e-con-inner\">\n\t\t\t\t<div class=\"elementor-element elementor-element-285ed2e elementor-widget elementor-widget-text-editor\" data-id=\"285ed2e\" data-element_type=\"widget\" data-widget_type=\"text-editor.default\">\n\t\t\t\t<div class=\"elementor-widget-container\">\n\t\t\t\t\t\t\t\t\t<p>The Culture sub-programme of the Creative Europe program supports a wide range of cultural and creative sectors, including:<\/p><ul><li aria-level=\"1\">architecture<\/li><li aria-level=\"1\">cultural heritage<\/li><li aria-level=\"1\">design<\/li><li aria-level=\"1\">literature and publishing<\/li><li aria-level=\"1\">music<\/li><li aria-level=\"1\">performing arts<\/li><\/ul><p>and they support the cross-sectoral cooperation of cultural workers from different countries, the activities of European institutions for inclusion in the networks of workers from different countries, the activities of organizations that provide a platform for the development of new talents and the promotion of the circulation of artists and their works, ideas and skills. All legal entities (public and private) can participate in the Program, such as institutions, institutions and organizations, but also national, regional and local authorities whose main activity belongs to the scope of culture, which includes theaters, libraries, museums, galleries, publishing houses, educational institutions, research centers, professional associations, etc.<\/p><p>The Culture sub-program encourages cooperation and exchange between cultural organizations and artists in Europe and beyond. The goal of the Creative Europe program is:<\/p><ul><li aria-level=\"1\">to encourage artistic creation and innovation<\/li><li aria-level=\"1\">to support the promotion and distribution of European contents throughout Europe and beyond<\/li><li aria-level=\"1\">to help artists find opportunities to create and perform across borders<\/li><li aria-level=\"1\">to encourage the digital and ecological transition of European cultural and creative sectors.<\/li><\/ul>\t\t\t\t\t\t\t\t<\/div>\n\t\t\t\t<\/div>\n\t\t\t\t\t<\/div>\n\t\t\t\t<\/div>\n\t\t\t\t<\/div>","protected":false},"excerpt":{"rendered":"<p>Kultura Potprogram Kultura\u00a0programa Kreativna Europa podupire \u0161irok raspon kulturnih i kreativnih sektora, me\u0111u kojima su: arhitektura kulturna ba\u0161tina dizajn knji\u017eevnost [&hellip;]<\/p>","protected":false},"author":1,"featured_media":0,"parent":0,"menu_order":0,"comment_status":"closed","ping_status":"closed","template":"","meta":{"site-sidebar-layout":"no-sidebar","site-content-layout":"","ast-site-content-layout":"full-width-container","site-content-style":"default","site-sidebar-style":"default","ast-global-header-display":"","ast-banner-title-visibility":"","ast-main-header-display":"","ast-hfb-above-header-display":"","ast-hfb-below-header-display":"","ast-hfb-mobile-header-display":"","site-post-title":"disabled","ast-breadcrumbs-content":"","ast-featured-img":"disabled","footer-sml-layout":"","ast-disable-related-posts":"","theme-transparent-header-meta":"","adv-header-id-meta":"","stick-header-meta":"","header-above-stick-meta":"","header-main-stick-meta":"","header-below-stick-meta":"","astra-migrate-meta-layouts":"default","ast-page-background-enabled":"default","ast-page-background-meta":{"desktop":{"background-color":"var(--ast-global-color-4)","background-image":"","background-repeat":"repeat","background-position":"center center","background-size":"auto","background-attachment":"scroll","background-type":"","background-media":"","overlay-type":"","overlay-color":"","overlay-opacity":"","overlay-gradient":""},"tablet":{"background-color":"","background-image":"","background-repeat":"repeat","background-position":"center center","background-size":"auto","background-attachment":"scroll","background-type":"","background-media":"","overlay-type":"","overlay-color":"","overlay-opacity":"","overlay-gradient":""},"mobile":{"background-color":"","background-image":"","background-repeat":"repeat","background-position":"center center","background-size":"auto","background-attachment":"scroll","background-type":"","background-media":"","overlay-type":"","overlay-color":"","overlay-opacity":"","overlay-gradient":""}},"ast-content-background-meta":{"desktop":{"background-color":"var(--ast-global-color-5)","background-image":"","background-repeat":"repeat","background-position":"center center","background-size":"auto","background-attachment":"scroll","background-type":"","background-media":"","overlay-type":"","overlay-color":"","overlay-opacity":"","overlay-gradient":""},"tablet":{"background-color":"var(--ast-global-color-5)","background-image":"","background-repeat":"repeat","background-position":"center center","background-size":"auto","background-attachment":"scroll","background-type":"","background-media":"","overlay-type":"","overlay-color":"","overlay-opacity":"","overlay-gradient":""},"mobile":{"background-color":"var(--ast-global-color-5)","background-image":"","background-repeat":"repeat","background-position":"center center","background-size":"auto","background-attachment":"scroll","background-type":"","background-media":"","overlay-type":"","overlay-color":"","overlay-opacity":"","overlay-gradient":""}},"_themeisle_gutenberg_block_has_review":false,"footnotes":""},"class_list":["post-3147","page","type-page","status-publish","hentry"],"rttpg_featured_image_url":null,"rttpg_author":{"display_name":"kreativnaeuropa","author_link":"https:\/\/kreativna-europa.ba\/en\/author\/kreativnaeuropa\/"},"rttpg_comment":0,"rttpg_category":null,"rttpg_excerpt":"Kultura Potprogram Kultura\u00a0programa Kreativna Europa podupire \u0161irok raspon kulturnih i kreativnih sektora, me\u0111u kojima su: arhitektura kulturna ba\u0161tina dizajn knji\u017eevnost [&hellip;]","_links":{"self":[{"href":"https:\/\/kreativna-europa.ba\/en\/wp-json\/wp\/v2\/pages\/3147","targetHints":{"allow":["GET"]}}],"collection":[{"href":"https:\/\/kreativna-europa.ba\/en\/wp-json\/wp\/v2\/pages"}],"about":[{"href":"https:\/\/kreativna-europa.ba\/en\/wp-json\/wp\/v2\/types\/page"}],"author":[{"embeddable":true,"href":"https:\/\/kreativna-europa.ba\/en\/wp-json\/wp\/v2\/users\/1"}],"replies":[{"embeddable":true,"href":"https:\/\/kreativna-europa.ba\/en\/wp-json\/wp\/v2\/comments?post=3147"}],"version-history":[{"count":0,"href":"https:\/\/kreativna-europa.ba\/en\/wp-json\/wp\/v2\/pages\/3147\/revisions"}],"wp:attachment":[{"href":"https:\/\/kreativna-europa.ba\/en\/wp-json\/wp\/v2\/media?parent=3147"}],"curies":[{"name":"wp","href":"https:\/\/api.w.org\/{rel}","templated":true}]}}