{"id":3860,"date":"2024-12-31T10:45:26","date_gmt":"2024-12-31T10:45:26","guid":{"rendered":"https:\/\/kreativna-europa.ba\/?page_id=3860"},"modified":"2024-12-31T11:06:20","modified_gmt":"2024-12-31T11:06:20","slug":"najcesce-postavljana-pitanja","status":"publish","type":"page","link":"https:\/\/kreativna-europa.ba\/en\/najcesce-postavljana-pitanja\/","title":{"rendered":"Naj\u010de\u0161\u0107e postavljana pitanja"},"content":{"rendered":"<div data-elementor-type=\"wp-page\" data-elementor-id=\"3860\" class=\"elementor elementor-3860\">\n\t\t\t\t<div class=\"elementor-element elementor-element-40d1e77 e-flex e-con-boxed e-con e-parent\" data-id=\"40d1e77\" data-element_type=\"container\" data-settings=\"{&quot;background_background&quot;:&quot;classic&quot;}\">\n\t\t\t\t\t<div class=\"e-con-inner\">\n\t\t\t\t<div class=\"elementor-element elementor-element-ee398f7 elementor-widget elementor-widget-heading\" data-id=\"ee398f7\" data-element_type=\"widget\" data-widget_type=\"heading.default\">\n\t\t\t\t<div class=\"elementor-widget-container\">\n\t\t\t\t\t<h2 class=\"elementor-heading-title elementor-size-default\">Naj\u010de\u0161\u0107e postavljana pitanja<\/h2>\t\t\t\t<\/div>\n\t\t\t\t<\/div>\n\t\t\t\t\t<\/div>\n\t\t\t\t<\/div>\n\t\t<div class=\"elementor-element elementor-element-580789e e-flex e-con-boxed e-con e-parent\" data-id=\"580789e\" data-element_type=\"container\">\n\t\t\t\t\t<div class=\"e-con-inner\">\n\t\t\t\t<div class=\"elementor-element elementor-element-5c94fc5 elementor-widget elementor-widget-text-editor\" data-id=\"5c94fc5\" data-element_type=\"widget\" data-widget_type=\"text-editor.default\">\n\t\t\t\t<div class=\"elementor-widget-container\">\n\t\t\t\t\t\t\t\t\t<h4><b>Tko se mo\u017ee prijaviti za sredstva iz programa?<\/b><\/h4><p>Prihvatljivi prijavitelji su:<\/p><ul><li>Pravne osobe (npr. udruge, ustanove, poduze\u0107a) iz zemalja sudionica programa<\/li><li>Organizacije koje djeluju u kulturnom i kreativnom sektoru kao i medijskom sektoru<\/li><\/ul><p>\u00a0<\/p><h4><b>Koji su klju\u010dni koraci u pisanju projekta za Kreativnu Europu?<\/b><\/h4><ul><li>Analiza prioriteta i ciljeva programa<\/li><li>Definiranje ideje projekta i ciljeva<\/li><li>Pronala\u017eenje partnera iz drugih zemalja EU<\/li><li>Pisanje projektne prijave, uklju\u010duju\u0107i logi\u010dki okvir, prora\u010dun i vremenski plan<\/li><\/ul><p>\u00a0<\/p><h4><b>Kako se ocjenjuju projektne prijave?<\/b><\/h4><p>Projekti se ocjenjuju u ovisnosti samog poziva prema:<\/p><ul><li>Relevantnosti (koliko se projekt uklapa u ciljeve programa)<\/li><li>Kvaliteti sadr\u017eaja i aktivnosti<\/li><li>Kapacitetima tima i partnera<\/li><li>Utjecaju i odr\u017eivosti rezultata projekta<\/li><\/ul><p>\u00a0<\/p><h4><b>Kako pravilno definirati cilj i svrhu projekta?<\/b><\/h4><p>Cilj treba biti strate\u0161ki i uskla\u0111en s prioritetima programa Kreativna Europa (npr. ja\u010danje me\u0111unarodne suradnje ili promocija kulturne raznolikosti). Svrha projekta mora odgovarati specifi\u010dnom problemu koji \u017eelite rije\u0161iti, a rje\u0161enje treba biti jasno povezano s aktivnostima projekta.<\/p><h4>\u00a0<\/h4><h4><b>Kako razviti projektni koncept koji odgovara prioritetima programa?<\/b><\/h4><p>Projektni koncept treba uklju\u010diti:<\/p><ul><li>Analizu trenutnog stanja (kontekst)<\/li><li>Definiranje europske dimenzije projekta (npr. prekograni\u010dna suradnja)<\/li><li>Identifikaciju potreba ciljane publike<\/li><li>Razmatranje ekolo\u0161ke i dru\u0161tvene odr\u017eivosti<\/li><\/ul><h4>\u00a0<\/h4><h4><b>Koje su klju\u010dne komponente dobre projektne prijave?<\/b><\/h4><p>Dobra prijava uklju\u010duje:<\/p><ul><li>Sa\u017eetak: Jasno i sa\u017eeto obja\u0161njenje projekta<\/li><li>Ciljevi i o\u010dekivani rezultati: Mjerljivi i realisti\u010dni ciljevi<\/li><li>Plan aktivnosti: Detaljan opis aktivnosti i vremenski okvir<\/li><li>Prora\u010dun: Transparentno i precizno prikazani tro\u0161kovi<\/li><li>Evaluacija i diseminacija: Plan za mjerenje uspjeha i \u0161irenje rezultata<\/li><\/ul><h4>\u00a0<\/h4><h4><b>Kako osigurati u\u010dinkovitu suradnju s partnerima?<\/b><\/h4><p>Klju\u010dni koraci:<\/p><ul><li>Jasno definirati uloge i odgovornosti svakog partnera<\/li><li>Pripremiti sporazum o suradnji (Partner Agreement)<\/li><li>Uspostaviti redovnu komunikaciju (online sastanci, email)<\/li><li>Osigurati da svi partneri razumiju ciljeve i aktivnosti projekt<\/li><\/ul><h4>\u00a0<\/h4><h4><b>Koji su klju\u010dni koraci u razvoju bud\u017eeta projekta?<\/b><\/h4><ul><li>Razdvojiti aktivnosti i povezane tro\u0161kove<\/li><li>Uklju\u010diti realne i opravdane tro\u0161kove (npr. osoblje, putovanja, materijali)<\/li><li>Osigurati sufinanciranje ako je potrebno (npr. vlastita sredstva, lokalni izvori)<\/li><li>Provjeriti uskla\u0111enost tro\u0161kova s pravilima programa<\/li><\/ul><h4>\u00a0<\/h4><h4><b>Kako osigurati kvalitetan plan diseminacije?<\/b><\/h4><ul><li>Identificirati ciljnu publiku za \u0161irenje rezultata (npr. umjetnici, institucije, \u0161ira javnost)<\/li><li>Planirati alate za promociju (web stranica, dru\u0161tvene mre\u017ee, doga\u0111aji)<\/li><li>Uklju\u010diti mjere za pove\u0107anje vidljivosti EU doprinosa projektu<\/li><\/ul><h4><b>Kako pisati o utjecaju projekta?<\/b><\/h4><p>Utjecaj treba opisati kroz:<\/p><ul><li>Kratkoro\u010dne rezultate: Direktne koristi za sudionike i partnere<\/li><li>Dugoro\u010dne promjene: Kako projekt doprinosi \u0161irem sektoru ili zajednici<\/li><li>Mjerljive pokazatelje: Npr. broj sudionika, kvalitativne promjene, ocjene korisnika<\/li><\/ul><h4>\u00a0<\/h4><h4><b>Koji su va\u017eni elementi u evaluaciji projekta?<\/b><\/h4><ul><li>Postaviti jasne indikatore uspjeha (KPI)<\/li><li>Provoditi redovne interne evaluacije tijekom trajanja projekta<\/li><li>Predvidjeti zavr\u0161no izvje\u0161\u0107e koje analizira postignute rezultate u odnosu na ciljeve<\/li><\/ul><h4>\u00a0<\/h4><h4><b>Kako pravilno definirati indikatore uspjeha projekta?<\/b><\/h4><p>Indikatori uklju\u010duju kvantitativne mjere (broj sudionika, doga\u0111aja) i kvalitativne rezultate (povratne informacije, promjena u zajednici).<\/p><h4>\u00a0<\/h4><h4><b>Kako osigurati da projekt bude odr\u017eiv i nakon zavr\u0161etka financiranja?<\/b><\/h4><p>Planirajte aktivnosti koje mogu samostalno opstati, osigurajte dodatne izvore financiranja i izgradite mre\u017eu korisnika koji \u0107e podr\u017eavati projekt<\/p><h4>\u00a0<\/h4><h4><b>Koji su naj\u010de\u0161\u0107i izazovi u pisanju projekata i kako ih rije\u0161iti?<\/b><\/h4><p>Izazovi uklju\u010duju nedostatak jasnih ciljeva, slo\u017eenu koordinaciju partnera i ograni\u010den prora\u010dun. Rje\u0161enje je redovita komunikacija, pravovremena priprema i edukacija.<\/p><h4>\u00a0<\/h4><h4><b>Kako pripremiti kvalitetan plan vidljivosti (diseminacije)?<\/b><\/h4><p>Plan uklju\u010duje aktivnosti poput promocije na dru\u0161tvenim mre\u017eama, organizacije javnih doga\u0111anja i suradnje s medijima.<\/p>\t\t\t\t\t\t\t\t<\/div>\n\t\t\t\t<\/div>\n\t\t\t\t\t<\/div>\n\t\t\t\t<\/div>\n\t\t\t\t<\/div>","protected":false},"excerpt":{"rendered":"<p>Naj\u010de\u0161\u0107e postavljana pitanja Tko se mo\u017ee prijaviti za sredstva iz programa? Prihvatljivi prijavitelji su: Pravne osobe (npr. udruge, ustanove, poduze\u0107a) [&hellip;]<\/p>","protected":false},"author":1,"featured_media":0,"parent":0,"menu_order":0,"comment_status":"closed","ping_status":"closed","template":"","meta":{"site-sidebar-layout":"no-sidebar","site-content-layout":"","ast-site-content-layout":"full-width-container","site-content-style":"default","site-sidebar-style":"default","ast-global-header-display":"","ast-banner-title-visibility":"","ast-main-header-display":"","ast-hfb-above-header-display":"","ast-hfb-below-header-display":"","ast-hfb-mobile-header-display":"","site-post-title":"disabled","ast-breadcrumbs-content":"","ast-featured-img":"disabled","footer-sml-layout":"","ast-disable-related-posts":"","theme-transparent-header-meta":"","adv-header-id-meta":"","stick-header-meta":"","header-above-stick-meta":"","header-main-stick-meta":"","header-below-stick-meta":"","astra-migrate-meta-layouts":"default","ast-page-background-enabled":"default","ast-page-background-meta":{"desktop":{"background-color":"var(--ast-global-color-4)","background-image":"","background-repeat":"repeat","background-position":"center center","background-size":"auto","background-attachment":"scroll","background-type":"","background-media":"","overlay-type":"","overlay-color":"","overlay-opacity":"","overlay-gradient":""},"tablet":{"background-color":"","background-image":"","background-repeat":"repeat","background-position":"center center","background-size":"auto","background-attachment":"scroll","background-type":"","background-media":"","overlay-type":"","overlay-color":"","overlay-opacity":"","overlay-gradient":""},"mobile":{"background-color":"","background-image":"","background-repeat":"repeat","background-position":"center center","background-size":"auto","background-attachment":"scroll","background-type":"","background-media":"","overlay-type":"","overlay-color":"","overlay-opacity":"","overlay-gradient":""}},"ast-content-background-meta":{"desktop":{"background-color":"var(--ast-global-color-5)","background-image":"","background-repeat":"repeat","background-position":"center center","background-size":"auto","background-attachment":"scroll","background-type":"","background-media":"","overlay-type":"","overlay-color":"","overlay-opacity":"","overlay-gradient":""},"tablet":{"background-color":"var(--ast-global-color-5)","background-image":"","background-repeat":"repeat","background-position":"center center","background-size":"auto","background-attachment":"scroll","background-type":"","background-media":"","overlay-type":"","overlay-color":"","overlay-opacity":"","overlay-gradient":""},"mobile":{"background-color":"var(--ast-global-color-5)","background-image":"","background-repeat":"repeat","background-position":"center center","background-size":"auto","background-attachment":"scroll","background-type":"","background-media":"","overlay-type":"","overlay-color":"","overlay-opacity":"","overlay-gradient":""}},"_themeisle_gutenberg_block_has_review":false,"footnotes":""},"class_list":["post-3860","page","type-page","status-publish","hentry"],"rttpg_featured_image_url":null,"rttpg_author":{"display_name":"kreativnaeuropa","author_link":"https:\/\/kreativna-europa.ba\/en\/author\/kreativnaeuropa\/"},"rttpg_comment":0,"rttpg_category":null,"rttpg_excerpt":"Naj\u010de\u0161\u0107e postavljana pitanja Tko se mo\u017ee prijaviti za sredstva iz programa? Prihvatljivi prijavitelji su: Pravne osobe (npr. udruge, ustanove, poduze\u0107a) [&hellip;]","_links":{"self":[{"href":"https:\/\/kreativna-europa.ba\/en\/wp-json\/wp\/v2\/pages\/3860","targetHints":{"allow":["GET"]}}],"collection":[{"href":"https:\/\/kreativna-europa.ba\/en\/wp-json\/wp\/v2\/pages"}],"about":[{"href":"https:\/\/kreativna-europa.ba\/en\/wp-json\/wp\/v2\/types\/page"}],"author":[{"embeddable":true,"href":"https:\/\/kreativna-europa.ba\/en\/wp-json\/wp\/v2\/users\/1"}],"replies":[{"embeddable":true,"href":"https:\/\/kreativna-europa.ba\/en\/wp-json\/wp\/v2\/comments?post=3860"}],"version-history":[{"count":7,"href":"https:\/\/kreativna-europa.ba\/en\/wp-json\/wp\/v2\/pages\/3860\/revisions"}],"predecessor-version":[{"id":3869,"href":"https:\/\/kreativna-europa.ba\/en\/wp-json\/wp\/v2\/pages\/3860\/revisions\/3869"}],"wp:attachment":[{"href":"https:\/\/kreativna-europa.ba\/en\/wp-json\/wp\/v2\/media?parent=3860"}],"curies":[{"name":"wp","href":"https:\/\/api.w.org\/{rel}","templated":true}]}}